{"id":108,"date":"2011-12-16T03:49:11","date_gmt":"2011-12-16T03:49:11","guid":{"rendered":"http:\/\/jameslawless.net\/?page_id=108"},"modified":"2012-04-11T12:32:36","modified_gmt":"2012-04-11T12:32:36","slug":"monagamas","status":"publish","type":"page","link":"https:\/\/jameslawless.net\/?page_id=108","title":{"rendered":"Monagamas"},"content":{"rendered":"<p><em>i nGuag\u00e1n Barra.<\/em><\/p>\n<p><a href=\"https:\/\/i0.wp.com\/jameslawless.net\/wp-content\/uploads\/2011\/12\/gougan.jpg\"><img data-recalc-dims=\"1\" loading=\"lazy\" decoding=\"async\" data-attachment-id=\"110\" data-permalink=\"https:\/\/jameslawless.net\/?attachment_id=110#main\" data-orig-file=\"https:\/\/i0.wp.com\/jameslawless.net\/wp-content\/uploads\/2011\/12\/gougan-sm.jpg?fit=350%2C230&amp;ssl=1\" data-orig-size=\"350,230\" data-comments-opened=\"1\" data-image-meta=\"{&quot;aperture&quot;:&quot;0&quot;,&quot;credit&quot;:&quot;&quot;,&quot;camera&quot;:&quot;&quot;,&quot;caption&quot;:&quot;&quot;,&quot;created_timestamp&quot;:&quot;0&quot;,&quot;copyright&quot;:&quot;&quot;,&quot;focal_length&quot;:&quot;0&quot;,&quot;iso&quot;:&quot;0&quot;,&quot;shutter_speed&quot;:&quot;0&quot;,&quot;title&quot;:&quot;&quot;}\" data-image-title=\"Gougane Barra\" data-image-description=\"\" data-image-caption=\"\" data-medium-file=\"https:\/\/i0.wp.com\/jameslawless.net\/wp-content\/uploads\/2011\/12\/gougan-sm.jpg?fit=300%2C197&amp;ssl=1\" data-large-file=\"https:\/\/i0.wp.com\/jameslawless.net\/wp-content\/uploads\/2011\/12\/gougan-sm.jpg?fit=350%2C230&amp;ssl=1\" class=\"alignright size-medium wp-image-110\" title=\"Gougane Barra\" src=\"https:\/\/i0.wp.com\/jameslawless.net\/wp-content\/uploads\/2011\/12\/gougan-sm-300x197.jpg?resize=250%2C164\" alt=\"Gougane Barra\" width=\"250\" height=\"164\" srcset=\"https:\/\/i0.wp.com\/jameslawless.net\/wp-content\/uploads\/2011\/12\/gougan-sm.jpg?resize=300%2C197&amp;ssl=1 300w, https:\/\/i0.wp.com\/jameslawless.net\/wp-content\/uploads\/2011\/12\/gougan-sm.jpg?w=350&amp;ssl=1 350w\" sizes=\"auto, (max-width: 250px) 100vw, 250px\" \/><\/a><\/p>\n<p>Bh\u00ed p\u00f3sadh sa s\u00e9ip\u00e9al ar an oile\u00e1n,<br \/>\nthug an cloch foscadh don ch\u00fapla \u00f3 ch\u00e1itheadh an locha,<br \/>\nrinne siad a miongh\u00e1ire do na ceamara\u00ed<br \/>\nach n\u00ed raibh aon bhl\u00e1th ar an r\u00f3daid\u00e9andran.<\/p>\n<p>Dhruid na heala\u00ed i ngar d\u00fainn nuair a bhuaileamar na l\u00e1mha,<br \/>\nsh\u00edleamar an rud c\u00e9anna a athdh\u00e9anamh n\u00edos d\u00e9ana\u00ed<br \/>\nach thuig siad nach raibh ann ach fuaim gan cur leis,<br \/>\nsh\u00edn siad a muin\u00edl agus chas siad t\u00f3in orainn<br \/>\nagus dhoirt siad a gcinn faoin uisce<br \/>\nsaor \u00f3 chr\u00e1 na bhfuaimeanna gan bhr\u00ed.<\/p>\n<p>Is mar sin a ghreama\u00edonn siad le ch\u00e9ile<br \/>\ns\u00e1sta leis an leath\u00e9an c\u00e9anna<br \/>\nag triall i dtreo na s\u00edora\u00edochta,<br \/>\nmar t\u00e1 an t-uisce acu chun a smaointe a choime\u00e1d glan<br \/>\nagus cosa do-fheicthe ag tiom\u00e1int a gcro\u00edthe.<\/p>\n<p><strong>MONOGAMY<\/strong><em><\/em><\/p>\n<p><em>At Gougane Barra<\/em><\/p>\n<p><em><\/em>There was a wedding at the oratory of Saint Finbar,<\/p>\n<p>church stone shielded the couple from the lake\u2019s spray<\/p>\n<p>as they smiled their eternity into camera lenses,<\/p>\n<p>there were no blooms on the rhododendron.<\/p>\n<p>At the lake\u2019s edge the swans did not draw near when we clapped,<\/p>\n<p>they stretched their necks and turned<\/p>\n<p>on their timeless journey<\/p>\n<p>with water to keep their heads clear<\/p>\n<p>and unseen feet propelling constantly to drive their hearts.<\/p>\n<p>&nbsp;<\/p>\n<p><a title=\"Poetry\" href=\"http:\/\/jameslawless.net\/?page_id=90\">Return to the Poetry page.<\/a><\/p>\n","protected":false},"excerpt":{"rendered":"<p>i nGuag\u00e1n Barra. Bh\u00ed p\u00f3sadh sa s\u00e9ip\u00e9al ar an oile\u00e1n, thug an cloch foscadh don ch\u00fapla \u00f3 ch\u00e1itheadh an locha, rinne siad a miongh\u00e1ire do na ceamara\u00ed ach n\u00ed raibh aon bhl\u00e1th ar an r\u00f3daid\u00e9andran. Dhruid na heala\u00ed i ngar&hellip;<\/p>\n","protected":false},"author":1,"featured_media":0,"parent":90,"menu_order":0,"comment_status":"closed","ping_status":"closed","template":"","meta":{"jetpack_post_was_ever_published":false,"footnotes":""},"class_list":["post-108","page","type-page","status-publish","hentry"],"jetpack_likes_enabled":true,"jetpack-related-posts":[],"jetpack_sharing_enabled":true,"_links":{"self":[{"href":"https:\/\/jameslawless.net\/index.php?rest_route=\/wp\/v2\/pages\/108","targetHints":{"allow":["GET"]}}],"collection":[{"href":"https:\/\/jameslawless.net\/index.php?rest_route=\/wp\/v2\/pages"}],"about":[{"href":"https:\/\/jameslawless.net\/index.php?rest_route=\/wp\/v2\/types\/page"}],"author":[{"embeddable":true,"href":"https:\/\/jameslawless.net\/index.php?rest_route=\/wp\/v2\/users\/1"}],"replies":[{"embeddable":true,"href":"https:\/\/jameslawless.net\/index.php?rest_route=%2Fwp%2Fv2%2Fcomments&post=108"}],"version-history":[{"count":7,"href":"https:\/\/jameslawless.net\/index.php?rest_route=\/wp\/v2\/pages\/108\/revisions"}],"predecessor-version":[{"id":234,"href":"https:\/\/jameslawless.net\/index.php?rest_route=\/wp\/v2\/pages\/108\/revisions\/234"}],"up":[{"embeddable":true,"href":"https:\/\/jameslawless.net\/index.php?rest_route=\/wp\/v2\/pages\/90"}],"wp:attachment":[{"href":"https:\/\/jameslawless.net\/index.php?rest_route=%2Fwp%2Fv2%2Fmedia&parent=108"}],"curies":[{"name":"wp","href":"https:\/\/api.w.org\/{rel}","templated":true}]}}